{"id":915,"date":"2025-06-10T19:07:03","date_gmt":"2025-06-10T17:07:03","guid":{"rendered":"https:\/\/webaipro.io\/?page_id=915"},"modified":"2025-07-16T23:02:52","modified_gmt":"2025-07-16T21:02:52","slug":"asf","status":"publish","type":"page","link":"https:\/\/webaipro.io\/de\/aszf\/","title":{"rendered":"GTC"},"content":{"rendered":"<div data-elementor-type=\"wp-page\" data-elementor-id=\"915\" class=\"elementor elementor-915\" data-elementor-post-type=\"page\">\n\t\t\t\t<div class=\"elementor-element elementor-element-6649d46b e-flex e-con-boxed e-con e-parent\" data-id=\"6649d46b\" data-element_type=\"container\" data-e-type=\"container\" data-settings=\"{&quot;background_background&quot;:&quot;video&quot;,&quot;background_video_link&quot;:&quot;http:\\\/\\\/webaipro.io\\\/wp-content\\\/uploads\\\/2025\\\/03\\\/hero-video.mp4&quot;}\">\n\t\t\t\t\t<div class=\"e-con-inner\">\n\t\t<div class=\"elementor-background-video-container elementor-hidden-mobile\">\n\t\t\t\t\t\t\t<video class=\"elementor-background-video-hosted\" role=\"presentation\" autoplay muted playsinline loop><\/video>\n\t\t\t\t\t<\/div>\t\t<div class=\"elementor-element elementor-element-4e5bac45 elementor-widget__width-inherit elementor-invisible elementor-widget elementor-widget-heading\" data-id=\"4e5bac45\" data-element_type=\"widget\" data-e-type=\"widget\" data-settings=\"{&quot;_animation&quot;:&quot;fadeInUp&quot;}\" data-widget_type=\"heading.default\">\n\t\t\t\t<div class=\"elementor-widget-container\">\n\t\t\t\t\t<h1 class=\"elementor-heading-title elementor-size-default\">Bedingungen und Konditionen<\/h1>\t\t\t\t<\/div>\n\t\t\t\t<\/div>\n\t\t\t\t\t<\/div>\n\t\t\t\t<\/div>\n\t\t<div class=\"elementor-element elementor-element-bca2f7f e-flex e-con-boxed e-con e-parent\" data-id=\"bca2f7f\" data-element_type=\"container\" data-e-type=\"container\" data-settings=\"{&quot;background_background&quot;:&quot;classic&quot;}\">\n\t\t\t\t\t<div class=\"e-con-inner\">\n\t\t<div class=\"elementor-element elementor-element-fb6a165 e-con-full e-flex e-con e-child\" data-id=\"fb6a165\" data-element_type=\"container\" data-e-type=\"container\" data-settings=\"{&quot;background_background&quot;:&quot;classic&quot;}\">\n\t\t\t\t<div class=\"elementor-element elementor-element-d6d5791 elementor-widget elementor-widget-text-editor\" data-id=\"d6d5791\" data-element_type=\"widget\" data-e-type=\"widget\" data-widget_type=\"text-editor.default\">\n\t\t\t\t<div class=\"elementor-widget-container\">\n\t\t\t\t\t\t\t\t\t<p data-start=\"301\" data-end=\"335\"><strong>Datum des Inkrafttretens:<\/strong> 10. Juni 2025<\/p><hr data-start=\"337\" data-end=\"340\" \/><h3 data-start=\"342\" data-end=\"377\">1) Angaben zum Dienstanbieter<\/h3><p data-start=\"379\" data-end=\"625\"><strong>Name:<\/strong> Attila Tripolszki e.v.<br data-start=\"50\" data-end=\"53\" \/><strong>Sitz:<\/strong> T\u00f6r\u00f6kugrat\u00f3 utca 2, 3\/12, 1118 Budapest, HU<br data-start=\"106\" data-end=\"109\" \/><strong>Steuernummer:<\/strong> 42980957-1-43<br data-start=\"131\" data-end=\"134\" \/><strong>Kontakt:<\/strong> <a class=\"cursor-pointer\" rel=\"noopener\" data-start=\"145\" data-end=\"161\">info@webaipro.io<\/a><br data-start=\"161\" data-end=\"164\" \/><strong>Website:<\/strong> <a class=\"\" href=\"https:\/\/webaipro.io\/de\/\" target=\"_new\" rel=\"noopener\" data-start=\"174\" data-end=\"189\" data-is-last-node=\"\">www.webaipro.io<\/a><\/p><hr data-start=\"627\" data-end=\"630\" \/><h3 data-start=\"632\" data-end=\"674\">2) Zweck der Allgemeinen Gesch\u00e4ftsbedingungen<\/h3><p data-start=\"676\" data-end=\"1009\">Diese Allgemeinen Gesch\u00e4ftsbedingungen regeln die Nutzung der vom Dienstleister erbrachten Dienstleistungen, einschlie\u00dflich, aber nicht beschr\u00e4nkt auf die Integration von KI-Chatbots, die Entwicklung von Websites\/Webshops und den damit verbundenen technischen Support.<br data-start=\"274\" data-end=\"277\" \/>Die AGB gelten f\u00fcr alle Nutzer, die sich \u00fcber die Website, das Kontaktformular, E-Mail oder einen anderen Kommunikationskanal an den Dienstanbieter wenden.<\/p><hr data-start=\"1011\" data-end=\"1014\" \/><h3 data-start=\"1016\" data-end=\"1040\">3. erbrachte Dienstleistungen<\/h3><p data-start=\"28\" data-end=\"77\">Der Dienstanbieter bietet die folgenden Dienstleistungen an:<\/p><ul data-start=\"79\" data-end=\"234\"><li data-start=\"79\" data-end=\"113\"><p data-start=\"81\" data-end=\"113\">Entwicklung von Websites und Webshops<\/p><\/li><li data-start=\"114\" data-end=\"155\"><p data-start=\"116\" data-end=\"155\">KI-Chatbot-Integration und -Anpassung<\/p><\/li><li data-start=\"156\" data-end=\"193\"><p data-start=\"158\" data-end=\"193\">Technische Wartung und Unterst\u00fctzung<\/p><\/li><li data-start=\"194\" data-end=\"234\"><p data-start=\"196\" data-end=\"234\">Verwandte Beratungsdienste<\/p><\/li><\/ul><p data-start=\"1236\" data-end=\"1356\">Umfang und Inhalt der Dienstleistungen werden von Fall zu Fall entsprechend den spezifischen Bed\u00fcrfnissen des jeweiligen Kunden festgelegt.<\/p><hr data-start=\"1358\" data-end=\"1361\" \/><h3 data-start=\"1363\" data-end=\"1402\">4) Angebot und Vertragsabschluss<\/h3><p data-start=\"32\" data-end=\"309\">Besucher k\u00f6nnen eine unverbindliche Anfrage \u00fcber das Kontaktformular der Website, einen Chatbot oder per E-Mail stellen.<br data-start=\"157\" data-end=\"160\" \/>Ein f\u00f6rmlicher Vertrag kommt erst dann zustande, wenn der Kunde eine schriftliche Best\u00e4tigung (einschlie\u00dflich einer Best\u00e4tigung per E-Mail) abgegeben hat. <strong>nimmt das personalisierte Angebot an.<\/strong><\/p><p data-start=\"311\" data-end=\"383\" data-is-last-node=\"\" data-is-only-node=\"\">Auf der Website <strong>nicht<\/strong> automatische Erbringung oder Erwerb von Dienstleistungen.<\/p><hr data-start=\"1717\" data-end=\"1720\" \/><h3 data-start=\"1722\" data-end=\"1753\">5) Preise und Zahlungsbedingungen<\/h3><p data-start=\"32\" data-end=\"261\">Die auf der Website angegebenen Preise sind nur Richtwerte und <strong>stellen kein verbindliches Angebot dar.<\/strong><br data-start=\"137\" data-end=\"140\" \/>Alle Preise variieren je nach Umfang und Komplexit\u00e4t des Projekts. F\u00fcr jeden Kunden <strong>individuelles Angebot<\/strong> gemacht wird.<\/p><p data-start=\"263\" data-end=\"458\">Zahlung auf ein Bankkonto <strong>per Bank\u00fcberweisung<\/strong> erfolgt nach der Ausstellung einer Proforma- oder Schlussrechnung durch Billingo <strong>Abrechnungssystem<\/strong> \u00fcber. Die Rechnungen werden per E-Mail im PDF-Format zugestellt.<\/p><hr data-start=\"2171\" data-end=\"2174\" \/><h3 data-start=\"2176\" data-end=\"2208\">6 Leistung und Fristen<\/h3><p data-start=\"2210\" data-end=\"2437\">Der Dienstleister beginnt mit der Erbringung der Dienstleistung nach der Annahme des Angebots und dem Eingang der vereinbarten Anzahlung oder der vollst\u00e4ndigen Zahlung.<br data-start=\"633\" data-end=\"636\" \/>Alle Fristen und Meilensteine werden schriftlich vereinbart, in der Regel per E-Mail.<\/p><hr data-start=\"2439\" data-end=\"2442\" \/><h3 data-start=\"2444\" data-end=\"2484\">7 R\u00fccktritts-\/K\u00fcndigungsrecht<\/h3><p data-start=\"749\" data-end=\"891\">Einzelne Kunden (Verbraucher) haben Anspruch auf <strong>14 Tage<\/strong> innerhalb einer angemessenen Frist vom Vertrag zur\u00fccktreten, wenn mit der Leistungserbringung noch nicht begonnen wurde.<\/p><p data-start=\"893\" data-end=\"1050\">Wenn die Dienstleistung bereits begonnen hat (z.B. Planung, Entwicklung, Beratung), ist der Dienstleister dazu berechtigt. <strong>eine anteilige Geb\u00fchr erheben<\/strong> f\u00fcr die geleistete Arbeit.<\/p><hr data-start=\"2802\" data-end=\"2805\" \/><h3 data-start=\"2807\" data-end=\"2837\">8. die Beschr\u00e4nkung der Haftung<\/h3><p data-start=\"1077\" data-end=\"1117\">Der Dienstanbieter ist nicht haftbar f\u00fcr:<\/p><ul data-start=\"1119\" data-end=\"1379\"><li data-start=\"1119\" data-end=\"1235\"><p data-start=\"1121\" data-end=\"1235\">Drittdienstleister (z. B. Hosting-Anbieter, Domain-Registrierungsstelle) f\u00fcr Fehler oder Auslassungen<\/p><\/li><li data-start=\"1236\" data-end=\"1303\"><p data-start=\"1238\" data-end=\"1303\">F\u00fcr Ereignisse h\u00f6herer Gewalt (z. B. Naturkatastrophen, Streiks)<\/p><\/li><li data-start=\"1304\" data-end=\"1379\"><p data-start=\"1306\" data-end=\"1379\">bei technischen Problemen oder falschen Einstellungen auf Kundenseite<\/p><\/li><\/ul><p data-start=\"1381\" data-end=\"1535\">\u00a0<\/p><p data-start=\"1381\" data-end=\"1535\">Der Dienstanbieter wird sein M\u00f6glichstes tun, um die Qualit\u00e4t und Kontinuit\u00e4t der Dienste zu gew\u00e4hrleisten, kann jedoch keine ununterbrochene Verf\u00fcgbarkeit garantieren.<\/p><hr data-start=\"3213\" data-end=\"3216\" \/><h3 data-start=\"3218\" data-end=\"3240\">9. datenschutz<\/h3><p data-start=\"1553\" data-end=\"1775\">Der Dienstanbieter erhebt und verarbeitet nur die f\u00fcr die Kommunikation und die Erbringung der Dienstleistung notwendigen Daten (z.B. Name, Firmenname, E-Mail, Telefonnummer).<br data-start=\"1698\" data-end=\"1701\" \/>Die Verarbeitung erfolgt in \u00dcbereinstimmung mit dem <strong>Allgemeine EU-Datenschutzverordnung (GDPR).<\/strong><\/p><p data-start=\"1777\" data-end=\"1871\">Getrennt <strong>Hinweis zum Datenschutz<\/strong> erh\u00e4ltlich bei <a href=\"https:\/\/webaipro.io\/de\/datensatzsprachen\/\">Links<\/a><\/p><hr data-start=\"3583\" data-end=\"3586\" \/><h3 data-start=\"3588\" data-end=\"3629\">10. die Bearbeitung von Beschwerden und die Beilegung von Streitigkeiten<\/h3><p data-start=\"1917\" data-end=\"2059\">Beschwerden k\u00f6nnen an die folgende E-Mail-Adresse geschickt werden: <a class=\"cursor-pointer\" rel=\"noopener\" data-start=\"1971\" data-end=\"1987\">info@webaipro.io<\/a><br data-start=\"1987\" data-end=\"1990\" \/>Der Dienstanbieter <strong>15 Kalendertage<\/strong> innerhalb dieser Frist schriftlich auf Beschwerden zu reagieren.<\/p><p data-start=\"2061\" data-end=\"2204\">Kann der Streit nicht g\u00fctlich beigelegt werden, kann der Kunde den Streitfall an die <strong>Die Verbraucherschutzbeh\u00f6rde oder die zust\u00e4ndige Schlichtungsstelle<\/strong> k\u00f6nnen Sie Kontakt aufnehmen.<\/p><hr data-start=\"3929\" data-end=\"3932\" \/><h3 data-start=\"3934\" data-end=\"3972\">11 Anwendbares Recht und Gerichtsbarkeit<\/h3><p data-start=\"3974\" data-end=\"4190\">Die vorliegenden Allgemeinen Gesch\u00e4ftsbedingungen unterliegen den <strong>Ungarisches Recht<\/strong> ist ma\u00dfgebend.<br data-start=\"2305\" data-end=\"2308\" \/>Im Falle einer Streitigkeit unterwerfen sich die Parteien der Zust\u00e4ndigkeit des <strong>Standort des Dienstanbieters<\/strong> die ausschlie\u00dfliche Zust\u00e4ndigkeit des Gerichts des Herkunftslandes.<\/p>\t\t\t\t\t\t\t\t<\/div>\n\t\t\t\t<\/div>\n\t\t\t\t<\/div>\n\t\t\t\t\t<\/div>\n\t\t\t\t<\/div>\n\t\t\t\t<\/div>","protected":false},"excerpt":{"rendered":"<p>Terms and Conditions Hat\u00e1lyba l\u00e9p\u00e9s d\u00e1tuma: 2025. j\u00fanius 10 1. Szolg\u00e1ltat\u00f3 adatai N\u00e9v: Tripolszki Attila e.v.Sz\u00e9khely: T\u00f6r\u00f6kugrat\u00f3 utca 2, 3\/12, 1118 Budapest, HUAd\u00f3sz\u00e1m: 42980957-1-43Kapcsolat: info@webaipro.ioWeboldal: www.webaipro.io 2. \u00c1ltal\u00e1nos Szerz\u0151d\u00e9si Felt\u00e9telek c\u00e9lja Jelen \u00c1ltal\u00e1nos Szerz\u0151d\u00e9si Felt\u00e9telek szab\u00e1lyozz\u00e1k a Szolg\u00e1ltat\u00f3 \u00e1ltal ny\u00fajtott szolg\u00e1ltat\u00e1sok haszn\u00e1lat\u00e1t, bele\u00e9rtve, de nem kiz\u00e1r\u00f3lagosan, az AI chatbot integr\u00e1ci\u00f3t, weboldal\/webshop fejleszt\u00e9st \u00e9s kapcsol\u00f3d\u00f3 technikai [&hellip;]<\/p>\n","protected":false},"author":2,"featured_media":0,"parent":0,"menu_order":8,"comment_status":"closed","ping_status":"closed","template":"elementor_header_footer","meta":{"rank_math_title":"","rank_math_description":"","rank_math_focus_keyword":"","rank_math_canonical_url":"","rank_math_seo_score":8,"rank_math_robots":[],"rank_math_facebook_title":"","rank_math_facebook_description":"","rank_math_facebook_image":"","rank_math_twitter_title":"","rank_math_twitter_description":"","rank_math_twitter_image":"","footnotes":""},"class_list":["post-915","page","type-page","status-publish","hentry"],"rank_math_title":"","rank_math_description":"","rank_math_focus_keyword":"","rank_math_robots":[],"rank_math_canonical_url":"","rank_math_seo_score":8,"rank_math_primary_category":0,"rank_math_facebook_title":"","rank_math_facebook_description":"","rank_math_facebook_image":"","rank_math_facebook_image_id":0,"rank_math_twitter_title":"","rank_math_twitter_description":"","rank_math_twitter_image":"","rank_math_twitter_image_id":0,"rank_math_twitter_use_facebook":false,"_links":{"self":[{"href":"https:\/\/webaipro.io\/de\/wp-json\/wp\/v2\/pages\/915","targetHints":{"allow":["GET"]}}],"collection":[{"href":"https:\/\/webaipro.io\/de\/wp-json\/wp\/v2\/pages"}],"about":[{"href":"https:\/\/webaipro.io\/de\/wp-json\/wp\/v2\/types\/page"}],"author":[{"embeddable":true,"href":"https:\/\/webaipro.io\/de\/wp-json\/wp\/v2\/users\/2"}],"replies":[{"embeddable":true,"href":"https:\/\/webaipro.io\/de\/wp-json\/wp\/v2\/comments?post=915"}],"version-history":[{"count":0,"href":"https:\/\/webaipro.io\/de\/wp-json\/wp\/v2\/pages\/915\/revisions"}],"wp:attachment":[{"href":"https:\/\/webaipro.io\/de\/wp-json\/wp\/v2\/media?parent=915"}],"curies":[{"name":"wp","href":"https:\/\/api.w.org\/{rel}","templated":true}]}}