{"id":934,"date":"2025-06-10T19:27:14","date_gmt":"2025-06-10T17:27:14","guid":{"rendered":"https:\/\/webaipro.io\/?page_id=934"},"modified":"2025-07-16T22:50:33","modified_gmt":"2025-07-16T20:50:33","slug":"impressum","status":"publish","type":"page","link":"https:\/\/webaipro.io\/de\/impresszum\/","title":{"rendered":"Impressum"},"content":{"rendered":"<div data-elementor-type=\"wp-page\" data-elementor-id=\"934\" class=\"elementor elementor-934\" data-elementor-post-type=\"page\">\n\t\t\t\t<div class=\"elementor-element elementor-element-6649d46b e-flex e-con-boxed e-con e-parent\" data-id=\"6649d46b\" data-element_type=\"container\" data-e-type=\"container\" data-settings=\"{&quot;background_background&quot;:&quot;video&quot;,&quot;background_video_link&quot;:&quot;http:\\\/\\\/webaipro.io\\\/wp-content\\\/uploads\\\/2025\\\/03\\\/hero-video.mp4&quot;}\">\n\t\t\t\t\t<div class=\"e-con-inner\">\n\t\t<div class=\"elementor-background-video-container elementor-hidden-mobile\">\n\t\t\t\t\t\t\t<video class=\"elementor-background-video-hosted\" role=\"presentation\" autoplay muted playsinline loop><\/video>\n\t\t\t\t\t<\/div>\t\t<div class=\"elementor-element elementor-element-4e5bac45 elementor-widget__width-inherit elementor-invisible elementor-widget elementor-widget-heading\" data-id=\"4e5bac45\" data-element_type=\"widget\" data-e-type=\"widget\" data-settings=\"{&quot;_animation&quot;:&quot;fadeInUp&quot;}\" data-widget_type=\"heading.default\">\n\t\t\t\t<div class=\"elementor-widget-container\">\n\t\t\t\t\t<h1 class=\"elementor-heading-title elementor-size-default\">Impressum<\/h1>\t\t\t\t<\/div>\n\t\t\t\t<\/div>\n\t\t\t\t\t<\/div>\n\t\t\t\t<\/div>\n\t\t<div class=\"elementor-element elementor-element-bca2f7f e-flex e-con-boxed e-con e-parent\" data-id=\"bca2f7f\" data-element_type=\"container\" data-e-type=\"container\" data-settings=\"{&quot;background_background&quot;:&quot;classic&quot;}\">\n\t\t\t\t\t<div class=\"e-con-inner\">\n\t\t<div class=\"elementor-element elementor-element-fb6a165 e-con-full e-flex e-con e-child\" data-id=\"fb6a165\" data-element_type=\"container\" data-e-type=\"container\" data-settings=\"{&quot;background_background&quot;:&quot;classic&quot;}\">\n\t\t\t\t<div class=\"elementor-element elementor-element-d6d5791 elementor-widget elementor-widget-text-editor\" data-id=\"d6d5791\" data-element_type=\"widget\" data-e-type=\"widget\" data-widget_type=\"text-editor.default\">\n\t\t\t\t<div class=\"elementor-widget-container\">\n\t\t\t\t\t\t\t\t\t<p data-start=\"0\" data-end=\"124\"><strong>Operator:<\/strong><br data-start=\"11\" data-end=\"14\" \/>Name: Attila Tripolszki e.v.<br data-start=\"41\" data-end=\"44\" \/>Anschrift: T\u00f6r\u00f6kugrat\u00f3 utca 2, 3\/12, 1118 Budapest, HU<br data-start=\"97\" data-end=\"100\" \/>Steuernummer: 42980957-1-43<\/p><p data-start=\"126\" data-end=\"165\">Zentrale E-Mail Adresse: <a class=\"cursor-pointer\" rel=\"noopener\" data-start=\"147\" data-end=\"163\">info@webaipro.io<\/a><\/p><hr data-start=\"388\" data-end=\"391\" \/><p data-start=\"393\" data-end=\"625\"><strong>Anbieter von gemeinsam genutztem Raum:<\/strong><br data-start=\"186\" data-end=\"189\" \/>Name: Hostinger International Ltd.<br data-start=\"222\" data-end=\"225\" \/>Adresse: 61 Lordou Vironos St., 6023 Larnaca, Republik Zypern<br data-start=\"291\" data-end=\"294\" \/>Website: <a class=\"\" href=\"http:\/\/www.hostinger.hu\" target=\"_new\" rel=\"noopener nofollow\" data-start=\"304\" data-end=\"320\">www.hostinger.hu<\/a><br data-start=\"320\" data-end=\"323\" \/>E-Mail: <a class=\"cursor-pointer\" rel=\"noopener\" data-start=\"331\" data-end=\"355\">compliance@hostinger.com<\/a><\/p><hr data-start=\"627\" data-end=\"630\" \/><p data-start=\"632\" data-end=\"813\"><strong>Register des Firmengerichts:<\/strong><br data-start=\"385\" data-end=\"388\" \/>Name: das Handelsgericht des Metropolitan Court<br data-start=\"425\" data-end=\"428\" \/>Anschrift: 1051 Budapest, N\u00e1dor utca 28.<br data-start=\"462\" data-end=\"465\" \/>Anschrift f\u00fcr den Schriftverkehr: 1363 Budapest, Pf. 17<\/p>\t\t\t\t\t\t\t\t<\/div>\n\t\t\t\t<\/div>\n\t\t\t\t<\/div>\n\t\t\t\t\t<\/div>\n\t\t\t\t<\/div>\n\t\t\t\t<\/div>","protected":false},"excerpt":{"rendered":"<p>Imprint \u00dczemeltet\u0151:N\u00e9v: Tripolszki Attila e.v.Sz\u00e9khely: T\u00f6r\u00f6kugrat\u00f3 utca 2, 3\/12, 1118 Budapest, HUAd\u00f3sz\u00e1m: 42980957-1-43 K\u00f6zponti e-mail c\u00edm: info@webaipro.io T\u00e1rhelyszolg\u00e1ltat\u00f3:N\u00e9v: Hostinger International Ltd.Sz\u00e9khely: 61 Lordou Vironos St., 6023 Larnaca, Ciprusi K\u00f6zt\u00e1rsas\u00e1gWeboldal: www.hostinger.huE-mail: compliance@hostinger.com C\u00e9gb\u00edr\u00f3s\u00e1gi nyilv\u00e1ntart\u00e1s:N\u00e9v: F\u0151v\u00e1rosi T\u00f6rv\u00e9nysz\u00e9k C\u00e9gb\u00edr\u00f3s\u00e1gaC\u00edm: 1051 Budapest, N\u00e1dor utca 28.Levelez\u00e9si c\u00edm: 1363 Budapest, Pf. 17<\/p>","protected":false},"author":2,"featured_media":0,"parent":0,"menu_order":8,"comment_status":"closed","ping_status":"closed","template":"elementor_header_footer","meta":{"rank_math_title":"","rank_math_description":"","rank_math_focus_keyword":"","rank_math_canonical_url":"","rank_math_seo_score":12,"rank_math_robots":[],"rank_math_facebook_title":"","rank_math_facebook_description":"","rank_math_facebook_image":"","rank_math_twitter_title":"","rank_math_twitter_description":"","rank_math_twitter_image":"","footnotes":""},"class_list":["post-934","page","type-page","status-publish","hentry"],"rank_math_title":"","rank_math_description":"","rank_math_focus_keyword":"","rank_math_robots":[],"rank_math_canonical_url":"","rank_math_seo_score":12,"rank_math_primary_category":0,"rank_math_facebook_title":"","rank_math_facebook_description":"","rank_math_facebook_image":"","rank_math_facebook_image_id":0,"rank_math_twitter_title":"","rank_math_twitter_description":"","rank_math_twitter_image":"","rank_math_twitter_image_id":0,"rank_math_twitter_use_facebook":false,"_links":{"self":[{"href":"https:\/\/webaipro.io\/de\/wp-json\/wp\/v2\/pages\/934","targetHints":{"allow":["GET"]}}],"collection":[{"href":"https:\/\/webaipro.io\/de\/wp-json\/wp\/v2\/pages"}],"about":[{"href":"https:\/\/webaipro.io\/de\/wp-json\/wp\/v2\/types\/page"}],"author":[{"embeddable":true,"href":"https:\/\/webaipro.io\/de\/wp-json\/wp\/v2\/users\/2"}],"replies":[{"embeddable":true,"href":"https:\/\/webaipro.io\/de\/wp-json\/wp\/v2\/comments?post=934"}],"version-history":[{"count":0,"href":"https:\/\/webaipro.io\/de\/wp-json\/wp\/v2\/pages\/934\/revisions"}],"wp:attachment":[{"href":"https:\/\/webaipro.io\/de\/wp-json\/wp\/v2\/media?parent=934"}],"curies":[{"name":"wp","href":"https:\/\/api.w.org\/{rel}","templated":true}]}}