{"id":68,"date":"2025-03-30T17:22:34","date_gmt":"2025-03-30T17:22:34","guid":{"rendered":"https:\/\/webaipro.io\/blog\/"},"modified":"2025-07-05T15:59:59","modified_gmt":"2025-07-05T13:59:59","slug":"blog","status":"publish","type":"page","link":"https:\/\/webaipro.io\/en\/blog\/","title":{"rendered":"Blog"},"content":{"rendered":"<div data-elementor-type=\"wp-page\" data-elementor-id=\"68\" class=\"elementor elementor-68\" data-elementor-post-type=\"page\">\n\t\t\t\t<div class=\"elementor-element elementor-element-705b225c e-flex e-con-boxed e-con e-parent\" data-id=\"705b225c\" data-element_type=\"container\" data-e-type=\"container\" data-settings=\"{&quot;background_background&quot;:&quot;video&quot;,&quot;background_video_link&quot;:&quot;http:\\\/\\\/webaipro.io\\\/wp-content\\\/uploads\\\/2025\\\/03\\\/hero-video.mp4&quot;}\">\n\t\t\t\t\t<div class=\"e-con-inner\">\n\t\t<div class=\"elementor-background-video-container elementor-hidden-mobile\">\n\t\t\t\t\t\t\t<video class=\"elementor-background-video-hosted\" role=\"presentation\" autoplay muted playsinline loop><\/video>\n\t\t\t\t\t<\/div>\t\t<div class=\"elementor-element elementor-element-1705671e elementor-widget elementor-widget-heading\" data-id=\"1705671e\" data-element_type=\"widget\" data-e-type=\"widget\" data-widget_type=\"heading.default\">\n\t\t\t\t<div class=\"elementor-widget-container\">\n\t\t\t\t\t<h1 class=\"elementor-heading-title elementor-size-default\">Blog<\/h1>\t\t\t\t<\/div>\n\t\t\t\t<\/div>\n\t\t\t\t\t<\/div>\n\t\t\t\t<\/div>\n\t\t<div class=\"elementor-element elementor-element-1225370a e-flex e-con-boxed e-con e-parent\" data-id=\"1225370a\" data-element_type=\"container\" data-e-type=\"container\">\n\t\t\t\t\t<div class=\"e-con-inner\">\n\t\t\t\t<div class=\"elementor-element elementor-element-55713e83 elementor-widget elementor-widget-jkit_post_block\" data-id=\"55713e83\" data-element_type=\"widget\" data-e-type=\"widget\" data-widget_type=\"jkit_post_block.default\">\n\t\t\t\t<div class=\"elementor-widget-container\">\n\t\t\t\t\t<div  class=\"jeg-elementor-kit jkit-postblock postblock-type-5 jkit-pagination-disable post-element jeg_module___69ff2751cf42d\"  data-id=\"jeg_module___69ff2751cf42d\" data-settings=\"{&quot;post_type&quot;:&quot;post&quot;,&quot;number_post&quot;:{&quot;unit&quot;:&quot;px&quot;,&quot;size&quot;:6,&quot;sizes&quot;:[]},&quot;post_offset&quot;:0,&quot;unique_content&quot;:&quot;disable&quot;,&quot;include_post&quot;:&quot;&quot;,&quot;exclude_post&quot;:&quot;&quot;,&quot;include_category&quot;:&quot;&quot;,&quot;exclude_category&quot;:&quot;&quot;,&quot;include_author&quot;:&quot;&quot;,&quot;include_tag&quot;:&quot;&quot;,&quot;exclude_tag&quot;:&quot;&quot;,&quot;course-category&quot;:&quot;&quot;,&quot;course-tag&quot;:&quot;&quot;,&quot;sort_by&quot;:&quot;latest&quot;,&quot;pagination_mode&quot;:&quot;disable&quot;,&quot;pagination_loadmore_text&quot;:&quot;Load More&quot;,&quot;pagination_loading_text&quot;:&quot;Loading...&quot;,&quot;pagination_number_post&quot;:{&quot;unit&quot;:&quot;px&quot;,&quot;size&quot;:3,&quot;sizes&quot;:[]},&quot;pagination_scroll_limit&quot;:0,&quot;pagination_icon&quot;:{&quot;value&quot;:&quot;&quot;,&quot;library&quot;:&quot;&quot;},&quot;pagination_icon_position&quot;:&quot;before&quot;,&quot;st_category_position&quot;:&quot;center&quot;,&quot;sg_content_postblock_type&quot;:&quot;type-5&quot;,&quot;sg_content_element_order&quot;:&quot;meta,title&quot;,&quot;sg_content_breakpoint&quot;:&quot;tablet&quot;,&quot;sg_content_title_html_tag&quot;:&quot;h4&quot;,&quot;sg_content_category_enable&quot;:&quot;&quot;,&quot;sg_content_excerpt_enable&quot;:&quot;yes&quot;,&quot;sg_content_excerpt_length&quot;:{&quot;unit&quot;:&quot;px&quot;,&quot;size&quot;:20,&quot;sizes&quot;:[]},&quot;sg_content_excerpt_more&quot;:&quot;...&quot;,&quot;sg_content_readmore_enable&quot;:&quot;yes&quot;,&quot;sg_content_readmore_icon&quot;:{&quot;value&quot;:&quot;fas fa-arrow-right&quot;,&quot;library&quot;:&quot;fa-solid&quot;},&quot;sg_content_readmore_icon_position&quot;:&quot;after&quot;,&quot;sg_content_readmore_text&quot;:&quot;Read More&quot;,&quot;sg_content_comment_enable&quot;:&quot;yes&quot;,&quot;sg_content_comment_icon&quot;:{&quot;value&quot;:&quot;fas fa-comment&quot;,&quot;library&quot;:&quot;fa-solid&quot;},&quot;sg_content_comment_icon_position&quot;:&quot;before&quot;,&quot;sg_content_meta_enable&quot;:&quot;yes&quot;,&quot;sg_content_meta_author_enable&quot;:&quot;&quot;,&quot;sg_content_meta_author_by_text&quot;:&quot;by&quot;,&quot;sg_content_meta_author_icon&quot;:{&quot;value&quot;:&quot;fas fa-user&quot;,&quot;library&quot;:&quot;fa-solid&quot;},&quot;sg_content_meta_author_icon_position&quot;:&quot;before&quot;,&quot;sg_content_meta_date_enable&quot;:&quot;yes&quot;,&quot;sg_content_meta_date_type&quot;:&quot;published&quot;,&quot;sg_content_meta_date_format&quot;:&quot;default&quot;,&quot;sg_content_meta_date_format_custom&quot;:&quot;F j, Y&quot;,&quot;sg_content_meta_date_icon&quot;:{&quot;value&quot;:&quot;&quot;,&quot;library&quot;:&quot;&quot;},&quot;sg_content_meta_date_icon_position&quot;:&quot;before&quot;,&quot;sg_content_image_size_imagesize_size&quot;:&quot;full&quot;,&quot;paged&quot;:1,&quot;class&quot;:&quot;jkit_post_block&quot;}\"><div class=\"jkit-block-container\"><div class=\"jkit-posts jkit-ajax-flag\">\n            <article class=\"jkit-post post-1284 post type-post status-publish format-standard has-post-thumbnail hentry category-al-fokusz\">\n                    <div class=\"jkit-thumb\"><a aria-label=\"Cost-effective 24\/7 customer service: implementing an AI chatbot for small businesses\" href=\"https:\/\/webaipro.io\/en\/24-ora-7-nap-ai-chatbot-ugyfelszolgalat\/\"><div class=\"thumbnail-container\">\n            <img loading=\"lazy\" decoding=\"async\" width=\"1100\" height=\"614\" src=\"https:\/\/webaipro.io\/wp-content\/uploads\/2025\/07\/blog-main-03.webp\" class=\"attachment-full size-full wp-post-image\" alt=\"\" srcset=\"https:\/\/webaipro.io\/wp-content\/uploads\/2025\/07\/blog-main-03.webp 1100w, https:\/\/webaipro.io\/wp-content\/uploads\/2025\/07\/blog-main-03-600x335.webp 600w, https:\/\/webaipro.io\/wp-content\/uploads\/2025\/07\/blog-main-03-300x167.webp 300w, https:\/\/webaipro.io\/wp-content\/uploads\/2025\/07\/blog-main-03-1024x572.webp 1024w, https:\/\/webaipro.io\/wp-content\/uploads\/2025\/07\/blog-main-03-768x429.webp 768w, https:\/\/webaipro.io\/wp-content\/uploads\/2025\/07\/blog-main-03-18x10.webp 18w\" sizes=\"auto, (max-width: 1100px) 100vw, 1100px\" \/>\n        <\/div><\/a><\/div>\n                    <div class=\"jkit-postblock-content\"><div class=\"jkit-post-meta\"><div class=\"jkit-meta-date icon-position-before\">2025-07-06<\/div><\/div><h4 class=\"jkit-post-title\">\n\t\t\t\t\t\t\t<a href=\"https:\/\/webaipro.io\/en\/24-ora-7-nap-ai-chatbot-ugyfelszolgalat\/\">Cost-effective 24\/7 customer service: implementing an AI chatbot for small businesses<\/a>\n\t\t\t\t\t\t<\/h4><\/div>\n                <\/article><article class=\"jkit-post post-1252 post type-post status-publish format-standard has-post-thumbnail hentry category-technical\">\n                    <div class=\"jkit-thumb\"><a aria-label=\"WordPress benefits for businesses in 2025: Why it&#039;s the best choice for your website\" href=\"https:\/\/webaipro.io\/en\/wordpress-elonyei-vallalkozasok-szamara-2025-ben-miert-ez-a-legjobb-valasztas-a-weboldaladhoz\/\"><div class=\"thumbnail-container\">\n            <img loading=\"lazy\" decoding=\"async\" width=\"1100\" height=\"614\" src=\"https:\/\/webaipro.io\/wp-content\/uploads\/2025\/07\/blog-main-02.webp\" class=\"attachment-full size-full wp-post-image\" alt=\"\" srcset=\"https:\/\/webaipro.io\/wp-content\/uploads\/2025\/07\/blog-main-02.webp 1100w, https:\/\/webaipro.io\/wp-content\/uploads\/2025\/07\/blog-main-02-600x335.webp 600w, https:\/\/webaipro.io\/wp-content\/uploads\/2025\/07\/blog-main-02-300x167.webp 300w, https:\/\/webaipro.io\/wp-content\/uploads\/2025\/07\/blog-main-02-1024x572.webp 1024w, https:\/\/webaipro.io\/wp-content\/uploads\/2025\/07\/blog-main-02-768x429.webp 768w, https:\/\/webaipro.io\/wp-content\/uploads\/2025\/07\/blog-main-02-18x10.webp 18w\" sizes=\"auto, (max-width: 1100px) 100vw, 1100px\" \/>\n        <\/div><\/a><\/div>\n                    <div class=\"jkit-postblock-content\"><div class=\"jkit-post-meta\"><div class=\"jkit-meta-date icon-position-before\">2025-07-05<\/div><\/div><h4 class=\"jkit-post-title\">\n\t\t\t\t\t\t\t<a href=\"https:\/\/webaipro.io\/en\/wordpress-elonyei-vallalkozasok-szamara-2025-ben-miert-ez-a-legjobb-valasztas-a-weboldaladhoz\/\">WordPress benefits for businesses in 2025: Why it's the best choice for your website<\/a>\n\t\t\t\t\t\t<\/h4><\/div>\n                <\/article><article class=\"jkit-post post-1192 post type-post status-publish format-standard has-post-thumbnail hentry category-technical\">\n                    <div class=\"jkit-thumb\"><a aria-label=\"WordPress website development: the key to digital transformation for SMEs in 2025\" href=\"https:\/\/webaipro.io\/en\/wordpress-weboldal-fejlesztes-a-digitalis-atalakulas-kulcsa-a-kkv-k-szamara-2025-ben\/\"><div class=\"thumbnail-container\">\n            <img loading=\"lazy\" decoding=\"async\" width=\"1100\" height=\"614\" src=\"https:\/\/webaipro.io\/wp-content\/uploads\/2025\/07\/blog-main-01-68697f1948e79.webp\" class=\"attachment-full size-full wp-post-image\" alt=\"\" srcset=\"https:\/\/webaipro.io\/wp-content\/uploads\/2025\/07\/blog-main-01-68697f1948e79.webp 1100w, https:\/\/webaipro.io\/wp-content\/uploads\/2025\/07\/blog-main-01-68697f1948e79-600x335.webp 600w, https:\/\/webaipro.io\/wp-content\/uploads\/2025\/07\/blog-main-01-68697f1948e79-300x167.webp 300w, https:\/\/webaipro.io\/wp-content\/uploads\/2025\/07\/blog-main-01-68697f1948e79-1024x572.webp 1024w, https:\/\/webaipro.io\/wp-content\/uploads\/2025\/07\/blog-main-01-68697f1948e79-768x429.webp 768w, https:\/\/webaipro.io\/wp-content\/uploads\/2025\/07\/blog-main-01-68697f1948e79-18x10.webp 18w\" sizes=\"auto, (max-width: 1100px) 100vw, 1100px\" \/>\n        <\/div><\/a><\/div>\n                    <div class=\"jkit-postblock-content\"><div class=\"jkit-post-meta\"><div class=\"jkit-meta-date icon-position-before\">2025-07-05<\/div><\/div><h4 class=\"jkit-post-title\">\n\t\t\t\t\t\t\t<a href=\"https:\/\/webaipro.io\/en\/wordpress-weboldal-fejlesztes-a-digitalis-atalakulas-kulcsa-a-kkv-k-szamara-2025-ben\/\">WordPress website development: the key to digital transformation for SMEs in 2025<\/a>\n\t\t\t\t\t\t<\/h4><\/div>\n                <\/article>\n        <\/div><\/div><\/div>\t\t\t\t<\/div>\n\t\t\t\t<\/div>\n\t\t\t\t\t<\/div>\n\t\t\t\t<\/div>\n\t\t\t\t<\/div>","protected":false},"excerpt":{"rendered":"<p>Blog edit post June 29, 2025 Mi\u00e9rt a WordPress a legjobb v\u00e1laszt\u00e1s v\u00e1llalkoz\u00e1sod weboldal\u00e1hoz 2025-ben: Hat\u00e9kony, rugalmas megold\u00e1s minden ig\u00e9nyre edit post June 1, 2025 AI-dokument\u00e1ci\u00f3 a hidegemailing 25 tanuls\u00e1ga alapj\u00e1n edit post March 30, 2025 How do we build a strong brand?<\/p>","protected":false},"author":1,"featured_media":0,"parent":0,"menu_order":7,"comment_status":"closed","ping_status":"closed","template":"elementor_header_footer","meta":{"rank_math_title":"","rank_math_description":"","rank_math_focus_keyword":"","rank_math_canonical_url":"","rank_math_seo_score":17,"rank_math_robots":[],"rank_math_facebook_title":"","rank_math_facebook_description":"","rank_math_facebook_image":"","rank_math_twitter_title":"","rank_math_twitter_description":"","rank_math_twitter_image":"","footnotes":""},"class_list":["post-68","page","type-page","status-publish","hentry"],"rank_math_title":"","rank_math_description":"","rank_math_focus_keyword":"","rank_math_robots":[],"rank_math_canonical_url":"","rank_math_seo_score":17,"rank_math_primary_category":0,"rank_math_facebook_title":"","rank_math_facebook_description":"","rank_math_facebook_image":"","rank_math_facebook_image_id":0,"rank_math_twitter_title":"","rank_math_twitter_description":"","rank_math_twitter_image":"","rank_math_twitter_image_id":0,"rank_math_twitter_use_facebook":false,"_links":{"self":[{"href":"https:\/\/webaipro.io\/en\/wp-json\/wp\/v2\/pages\/68","targetHints":{"allow":["GET"]}}],"collection":[{"href":"https:\/\/webaipro.io\/en\/wp-json\/wp\/v2\/pages"}],"about":[{"href":"https:\/\/webaipro.io\/en\/wp-json\/wp\/v2\/types\/page"}],"author":[{"embeddable":true,"href":"https:\/\/webaipro.io\/en\/wp-json\/wp\/v2\/users\/1"}],"replies":[{"embeddable":true,"href":"https:\/\/webaipro.io\/en\/wp-json\/wp\/v2\/comments?post=68"}],"version-history":[{"count":0,"href":"https:\/\/webaipro.io\/en\/wp-json\/wp\/v2\/pages\/68\/revisions"}],"wp:attachment":[{"href":"https:\/\/webaipro.io\/en\/wp-json\/wp\/v2\/media?parent=68"}],"curies":[{"name":"wp","href":"https:\/\/api.w.org\/{rel}","templated":true}]}}